{"id":736,"date":"2021-04-20T12:56:29","date_gmt":"2021-04-20T10:56:29","guid":{"rendered":"https:\/\/terracaps.de\/?page_id=736"},"modified":"2022-11-10T10:12:39","modified_gmt":"2022-11-10T09:12:39","slug":"karriere","status":"publish","type":"page","link":"https:\/\/terracaps.de\/de\/karriere\/","title":{"rendered":"Karriere"},"content":{"rendered":"<p><div class=\"fusion-fullwidth fullwidth-box fusion-builder-row-1 fusion-flex-container nonhundred-percent-fullwidth non-hundred-percent-height-scrolling\" style=\"background-color: rgba(255,255,255,0);background-position: right bottom;background-repeat: no-repeat;border-width: 0px 0px 0px 0px;border-color:#e2e2e2;border-style:solid;\" ><div class=\"fusion-builder-row fusion-row fusion-flex-align-items-flex-start fusion-flex-justify-content-center\" style=\"max-width:1248px;margin-left: calc(-4% \/ 2 );margin-right: calc(-4% \/ 2 );\"><div class=\"fusion-layout-column fusion_builder_column fusion-builder-column-0 fusion_builder_column_3_4 3_4 fusion-flex-column\"><div class=\"fusion-column-wrapper fusion-flex-justify-content-center fusion-content-layout-column\" style=\"background-position:left top;background-repeat:no-repeat;-webkit-background-size:cover;-moz-background-size:cover;-o-background-size:cover;background-size:cover;padding: 0px 0px 0px 0px;\"><style type=\"text\/css\"><\/style><div class=\"fusion-title title fusion-title-1 fusion-sep-none fusion-title-text fusion-title-size-two fusion-title-default-margin\" style=\" margin-top:0px; margin-bottom:0px\"><h2 class=\"title-heading-left\">Karriere bei Terracaps<\/h2><\/div><style type=\"text\/css\"><\/style><div class=\"fusion-title title fusion-title-2 fusion-sep-none fusion-title-text fusion-title-size-one fusion-title-default-margin\" style=\" margin-top:0px; margin-bottom:0px\"><h1 class=\"title-heading-left\">Werden Sie Teil unseres Teams!<\/h1><\/div><div class=\"fusion-separator fusion-full-width-sep\" style=\"align-self: center;margin-left: auto;margin-right: auto;margin-top:20px;width:100%;\"><\/div><div class=\"fusion-text fusion-text-1\" style=\"transform:translate3d(0,0,0);\"><p>Bei Terracaps sind Sie Teil eines leidenschaftlichen und engagierten Teams, das gemeinsam f\u00fcr eine nachhaltige Welt arbeitet. Unsere vielf\u00e4ltigen Erfahrungen sind unsere St\u00e4rke. Nachhaltigkeit, Innovation und Qualit\u00e4t unsere Motivation. Nutzen Sie die Gelegenheit und entfalten Sie Ihr Potenzial bei Terracaps!<\/p>\n<\/div><\/div><\/div><style type=\"text\/css\">.fusion-body .fusion-builder-column-0{width:75% !important;margin-top : 0px;margin-bottom : 20px;}.fusion-builder-column-0 > .fusion-column-wrapper {padding-top : 0px !important;padding-right : 0px !important;margin-right : 2.56%;padding-bottom : 0px !important;padding-left : 0px !important;margin-left : 2.56%;}@media only screen and (max-width:1024px) {.fusion-body .fusion-builder-column-0{width:75% !important;order : 0;}.fusion-builder-column-0 > .fusion-column-wrapper {margin-right : 2.56%;margin-left : 2.56%;}}@media only screen and (max-width:640px) {.fusion-body .fusion-builder-column-0{width:100% !important;order : 0;}.fusion-builder-column-0 > .fusion-column-wrapper {margin-right : 1.92%;margin-left : 1.92%;}}<\/style><\/div><style type=\"text\/css\">.fusion-fullwidth.fusion-builder-row-1 a:not(.fusion-button):not(.fusion-builder-module-control):not(.fusion-social-network-icon):not(.fb-icon-element):not(.fusion-countdown-link):not(.fusion-rollover-link):not(.fusion-rollover-gallery):not(.fusion-button-bar):not(.add_to_cart_button):not(.show_details_button):not(.product_type_external):not(.fusion-view-cart):not(.fusion-quick-view):not(.fusion-rollover-title-link):not(.fusion-breadcrumb-link) , .fusion-fullwidth.fusion-builder-row-1 a:not(.fusion-button):not(.fusion-builder-module-control):not(.fusion-social-network-icon):not(.fb-icon-element):not(.fusion-countdown-link):not(.fusion-rollover-link):not(.fusion-rollover-gallery):not(.fusion-button-bar):not(.add_to_cart_button):not(.show_details_button):not(.product_type_external):not(.fusion-view-cart):not(.fusion-quick-view):not(.fusion-rollover-title-link):not(.fusion-breadcrumb-link):before, .fusion-fullwidth.fusion-builder-row-1 a:not(.fusion-button):not(.fusion-builder-module-control):not(.fusion-social-network-icon):not(.fb-icon-element):not(.fusion-countdown-link):not(.fusion-rollover-link):not(.fusion-rollover-gallery):not(.fusion-button-bar):not(.add_to_cart_button):not(.show_details_button):not(.product_type_external):not(.fusion-view-cart):not(.fusion-quick-view):not(.fusion-rollover-title-link):not(.fusion-breadcrumb-link):after {color: #ffffff;}.fusion-body .fusion-flex-container.fusion-builder-row-1{ padding-top : 250px;margin-top : 0px;padding-right : 0px;padding-bottom : 0px;margin-bottom : 0px;padding-left : 0px;}@media only screen and (max-width:640px) {.fusion-body .fusion-flex-container.fusion-builder-row-1{ padding-top : 80px;}}<\/style><\/div><div class=\"fusion-fullwidth fullwidth-box fusion-builder-row-2 fusion-flex-container nonhundred-percent-fullwidth non-hundred-percent-height-scrolling\" style=\"background-color: rgba(255,255,255,0);background-position: right bottom;background-repeat: no-repeat;border-width: 0px 0px 0px 0px;border-color:#e2e2e2;border-style:solid;\" ><div class=\"fusion-builder-row fusion-row fusion-flex-align-items-stretch fusion-flex-justify-content-center\" style=\"max-width:calc( 1200px + 100px );margin-left: calc(-100px \/ 2 );margin-right: calc(-100px \/ 2 );\"><div class=\"fusion-layout-column fusion_builder_column fusion-builder-column-1 fusion_builder_column_1_2 1_2 fusion-flex-column\"><div class=\"fusion-column-wrapper fusion-flex-justify-content-flex-start fusion-content-layout-column\" style=\"background-position:left top;background-repeat:no-repeat;-webkit-background-size:cover;-moz-background-size:cover;-o-background-size:cover;background-size:cover;border-radius:10px 10px 10px 10px;background-color:#f7f7f7;border-radius:10px 10px 10px 10px;overflow:hidden;padding: 30px 30px 30px 30px;\"><style type=\"text\/css\"><\/style><div class=\"fusion-title title fusion-title-3 fusion-sep-none fusion-title-text fusion-title-size-three fusion-title-default-margin\" style=\" margin-top:0px; margin-bottom:0px\"><h3 class=\"title-heading-left\" style=\"color:#73ba59;\">Offene Stellen<\/h3><\/div><ul class=\"fusion-checklist fusion-checklist-1\" style=\"font-size:24px;line-height:40.8px;\"><li class=\"fusion-li-item\"><span style=\"height:40.8px;width:40.8px;margin-right:16.8px;\" class=\"icon-wrapper circle-no\"><i class=\"fusion-li-icon fa-angle-right fas\" style=\"color:#73ba59;\" aria-hidden=\"true\"><\/i><\/span><div class=\"fusion-li-item-content\" style=\"margin-left:57.6px;\">\n<p><span style=\"color: #000000;\"><a style=\"color: #000000;\" href=\"https:\/\/terracaps.de\/de\/karriere\/praktikant-m-w-d-in-vollzeit\/\">Praktikant (m\/w\/d) in Vollzeit<\/a><\/span><\/p>\n<\/div><\/li><\/ul><\/div><\/div><style type=\"text\/css\">.fusion-body .fusion-builder-column-1{width:50% !important;margin-top : 0px;margin-bottom : 20px;}.fusion-builder-column-1 > .fusion-column-wrapper {padding-top : 30px !important;padding-right : 30px !important;margin-right : 50px;padding-bottom : 30px !important;padding-left : 30px !important;margin-left : 50px;}@media only screen and (max-width:1024px) {.fusion-body .fusion-builder-column-1{width:50% !important;order : 0;}.fusion-builder-column-1 > .fusion-column-wrapper {margin-right : 50px;margin-left : 50px;}}@media only screen and (max-width:640px) {.fusion-body .fusion-builder-column-1{width:100% !important;order : 0;}.fusion-builder-column-1 > .fusion-column-wrapper {margin-right : 50px;margin-left : 50px;}}<\/style><div class=\"fusion-layout-column fusion_builder_column fusion-builder-column-2 fusion_builder_column_1_2 1_2 fusion-flex-column\"><div class=\"fusion-column-wrapper fusion-flex-justify-content-flex-start fusion-content-layout-column\" style=\"background-position:left top;background-repeat:no-repeat;-webkit-background-size:cover;-moz-background-size:cover;-o-background-size:cover;background-size:cover;border-radius:10px 10px 10px 10px;background-color:#f7f7f7;border-radius:10px 10px 10px 10px;overflow:hidden;padding: 30px 30px 30px 30px;\"><style type=\"text\/css\"><\/style><div class=\"fusion-title title fusion-title-4 fusion-sep-none fusion-title-text fusion-title-size-three fusion-title-default-margin\" style=\" margin-top:0px; margin-bottom:0px\"><h3 class=\"title-heading-left\" style=\"color:#3a3a3a;\">Initiativbewerbungen<\/h3><\/div><div class=\"fusion-text fusion-text-2\" style=\"color:#595959;transform:translate3d(0,0,0);\"><p>Manchmal k\u00f6nnen spannende M\u00f6glichkeiten nicht auf offene Stellen warten. Sie begeistern sich f\u00fcr nachhaltiges Wirtschaften und klimaneutrale Kaffeekapseln, aber leider haben wir aktuell kein passendes Jobangebot f\u00fcr Sie? \u00dcberzeugen Sie uns und schicken Sie uns Ihre aussagekr\u00e4ftige Initiativbewerbung.<\/p>\n<\/div><ul class=\"fusion-checklist fusion-checklist-2\" style=\"font-size:24px;line-height:40.8px;\"><li class=\"fusion-li-item\"><span style=\"height:40.8px;width:40.8px;margin-right:16.8px;\" class=\"icon-wrapper circle-no\"><i class=\"fusion-li-icon fa-angle-right fas\" style=\"color:#73ba59;\" aria-hidden=\"true\"><\/i><\/span><div class=\"fusion-li-item-content\" style=\"margin-left:57.6px;\">\n<p><span style=\"color: #000000;\"><a style=\"color: #000000;\" href=\"mailto:Recruiting@terracaps.bio\">Recruiting@terracaps.<\/a>de<\/span><\/p>\n<\/div><\/li><\/ul><\/div><\/div><style type=\"text\/css\">.fusion-body .fusion-builder-column-2{width:50% !important;margin-top : 0px;margin-bottom : 20px;}.fusion-builder-column-2 > .fusion-column-wrapper {padding-top : 30px !important;padding-right : 30px !important;margin-right : 50px;padding-bottom : 30px !important;padding-left : 30px !important;margin-left : 50px;}@media only screen and (max-width:1024px) {.fusion-body .fusion-builder-column-2{width:50% !important;order : 0;}.fusion-builder-column-2 > .fusion-column-wrapper {margin-right : 50px;margin-left : 50px;}}@media only screen and (max-width:640px) {.fusion-body .fusion-builder-column-2{width:100% !important;order : 0;}.fusion-builder-column-2 > .fusion-column-wrapper {margin-right : 50px;margin-left : 50px;}}<\/style><\/div><style type=\"text\/css\">.fusion-fullwidth.fusion-builder-row-2 a:not(.fusion-button):not(.fusion-builder-module-control):not(.fusion-social-network-icon):not(.fb-icon-element):not(.fusion-countdown-link):not(.fusion-rollover-link):not(.fusion-rollover-gallery):not(.fusion-button-bar):not(.add_to_cart_button):not(.show_details_button):not(.product_type_external):not(.fusion-view-cart):not(.fusion-quick-view):not(.fusion-rollover-title-link):not(.fusion-breadcrumb-link) , .fusion-fullwidth.fusion-builder-row-2 a:not(.fusion-button):not(.fusion-builder-module-control):not(.fusion-social-network-icon):not(.fb-icon-element):not(.fusion-countdown-link):not(.fusion-rollover-link):not(.fusion-rollover-gallery):not(.fusion-button-bar):not(.add_to_cart_button):not(.show_details_button):not(.product_type_external):not(.fusion-view-cart):not(.fusion-quick-view):not(.fusion-rollover-title-link):not(.fusion-breadcrumb-link):before, .fusion-fullwidth.fusion-builder-row-2 a:not(.fusion-button):not(.fusion-builder-module-control):not(.fusion-social-network-icon):not(.fb-icon-element):not(.fusion-countdown-link):not(.fusion-rollover-link):not(.fusion-rollover-gallery):not(.fusion-button-bar):not(.add_to_cart_button):not(.show_details_button):not(.product_type_external):not(.fusion-view-cart):not(.fusion-quick-view):not(.fusion-rollover-title-link):not(.fusion-breadcrumb-link):after {color: #ffffff;}.fusion-body .fusion-flex-container.fusion-builder-row-2{ padding-top : 0px;margin-top : 70px;padding-right : 0px;padding-bottom : 200px;margin-bottom : 0px;padding-left : 0px;}<\/style><\/div><\/p>\n","protected":false},"excerpt":{"rendered":"","protected":false},"author":1,"featured_media":0,"parent":0,"menu_order":0,"comment_status":"closed","ping_status":"closed","template":"100-width.php","meta":[],"yoast_head":"<!-- This site is optimized with the Yoast SEO plugin v19.5.1 - https:\/\/yoast.com\/wordpress\/plugins\/seo\/ -->\n<title>Karriere - Terracaps<\/title>\n<meta name=\"robots\" content=\"index, follow, max-snippet:-1, max-image-preview:large, max-video-preview:-1\" \/>\n<link rel=\"canonical\" href=\"https:\/\/terracaps.de\/de\/karriere\/\" \/>\n<meta property=\"og:locale\" content=\"de_DE\" \/>\n<meta property=\"og:type\" content=\"article\" \/>\n<meta property=\"og:title\" content=\"Karriere - Terracaps\" \/>\n<meta property=\"og:url\" content=\"https:\/\/terracaps.de\/de\/karriere\/\" \/>\n<meta property=\"og:site_name\" content=\"Terracaps\" \/>\n<meta property=\"article:modified_time\" content=\"2022-11-10T09:12:39+00:00\" \/>\n<meta property=\"og:image\" content=\"https:\/\/terracaps.de\/wp-content\/uploads\/logo_terracaps@2x.png\" \/>\n\t<meta property=\"og:image:width\" content=\"440\" \/>\n\t<meta property=\"og:image:height\" content=\"168\" \/>\n\t<meta property=\"og:image:type\" content=\"image\/png\" \/>\n<meta name=\"twitter:card\" content=\"summary_large_image\" \/>\n<meta name=\"twitter:label1\" content=\"Gesch\u00e4tzte Lesezeit\" \/>\n\t<meta name=\"twitter:data1\" content=\"4\u00a0Minuten\" \/>\n<script type=\"application\/ld+json\" class=\"yoast-schema-graph\">{\"@context\":\"https:\/\/schema.org\",\"@graph\":[{\"@type\":\"WebPage\",\"@id\":\"https:\/\/terracaps.de\/de\/karriere\/\",\"url\":\"https:\/\/terracaps.de\/de\/karriere\/\",\"name\":\"Karriere - Terracaps\",\"isPartOf\":{\"@id\":\"https:\/\/terracaps.de\/#website\"},\"datePublished\":\"2021-04-20T10:56:29+00:00\",\"dateModified\":\"2022-11-10T09:12:39+00:00\",\"breadcrumb\":{\"@id\":\"https:\/\/terracaps.de\/de\/karriere\/#breadcrumb\"},\"inLanguage\":\"de\",\"potentialAction\":[{\"@type\":\"ReadAction\",\"target\":[\"https:\/\/terracaps.de\/de\/karriere\/\"]}]},{\"@type\":\"BreadcrumbList\",\"@id\":\"https:\/\/terracaps.de\/de\/karriere\/#breadcrumb\",\"itemListElement\":[{\"@type\":\"ListItem\",\"position\":1,\"name\":\"Startseite\",\"item\":\"https:\/\/terracaps.de\/de\/\"},{\"@type\":\"ListItem\",\"position\":2,\"name\":\"Karriere\"}]},{\"@type\":\"WebSite\",\"@id\":\"https:\/\/terracaps.de\/#website\",\"url\":\"https:\/\/terracaps.de\/\",\"name\":\"Terracaps\",\"description\":\"Terracaps is a pioneering and leading manufacturer of biodegradable, compostable, CO2-neutral and oxygen-tight coffee capsules\",\"publisher\":{\"@id\":\"https:\/\/terracaps.de\/#organization\"},\"potentialAction\":[{\"@type\":\"SearchAction\",\"target\":{\"@type\":\"EntryPoint\",\"urlTemplate\":\"https:\/\/terracaps.de\/?s={search_term_string}\"},\"query-input\":\"required name=search_term_string\"}],\"inLanguage\":\"de\"},{\"@type\":\"Organization\",\"@id\":\"https:\/\/terracaps.de\/#organization\",\"name\":\"Terracaps\",\"url\":\"https:\/\/terracaps.de\/\",\"sameAs\":[\"https:\/\/www.linkedin.com\/company\/terracaps-gmbh\/\"],\"logo\":{\"@type\":\"ImageObject\",\"inLanguage\":\"de\",\"@id\":\"https:\/\/terracaps.de\/#\/schema\/logo\/image\/\",\"url\":\"https:\/\/terracaps.de\/wp-content\/uploads\/logo_terracaps@2x.png\",\"contentUrl\":\"https:\/\/terracaps.de\/wp-content\/uploads\/logo_terracaps@2x.png\",\"width\":440,\"height\":168,\"caption\":\"Terracaps\"},\"image\":{\"@id\":\"https:\/\/terracaps.de\/#\/schema\/logo\/image\/\"}}]}<\/script>\n<!-- \/ Yoast SEO plugin. -->","yoast_head_json":{"title":"Karriere - Terracaps","robots":{"index":"index","follow":"follow","max-snippet":"max-snippet:-1","max-image-preview":"max-image-preview:large","max-video-preview":"max-video-preview:-1"},"canonical":"https:\/\/terracaps.de\/de\/karriere\/","og_locale":"de_DE","og_type":"article","og_title":"Karriere - Terracaps","og_url":"https:\/\/terracaps.de\/de\/karriere\/","og_site_name":"Terracaps","article_modified_time":"2022-11-10T09:12:39+00:00","og_image":[{"width":440,"height":168,"url":"https:\/\/terracaps.de\/wp-content\/uploads\/logo_terracaps@2x.png","type":"image\/png"}],"twitter_card":"summary_large_image","twitter_misc":{"Gesch\u00e4tzte Lesezeit":"4\u00a0Minuten"},"schema":{"@context":"https:\/\/schema.org","@graph":[{"@type":"WebPage","@id":"https:\/\/terracaps.de\/de\/karriere\/","url":"https:\/\/terracaps.de\/de\/karriere\/","name":"Karriere - Terracaps","isPartOf":{"@id":"https:\/\/terracaps.de\/#website"},"datePublished":"2021-04-20T10:56:29+00:00","dateModified":"2022-11-10T09:12:39+00:00","breadcrumb":{"@id":"https:\/\/terracaps.de\/de\/karriere\/#breadcrumb"},"inLanguage":"de","potentialAction":[{"@type":"ReadAction","target":["https:\/\/terracaps.de\/de\/karriere\/"]}]},{"@type":"BreadcrumbList","@id":"https:\/\/terracaps.de\/de\/karriere\/#breadcrumb","itemListElement":[{"@type":"ListItem","position":1,"name":"Startseite","item":"https:\/\/terracaps.de\/de\/"},{"@type":"ListItem","position":2,"name":"Karriere"}]},{"@type":"WebSite","@id":"https:\/\/terracaps.de\/#website","url":"https:\/\/terracaps.de\/","name":"Terracaps","description":"Terracaps is a pioneering and leading manufacturer of biodegradable, compostable, CO2-neutral and oxygen-tight coffee capsules","publisher":{"@id":"https:\/\/terracaps.de\/#organization"},"potentialAction":[{"@type":"SearchAction","target":{"@type":"EntryPoint","urlTemplate":"https:\/\/terracaps.de\/?s={search_term_string}"},"query-input":"required name=search_term_string"}],"inLanguage":"de"},{"@type":"Organization","@id":"https:\/\/terracaps.de\/#organization","name":"Terracaps","url":"https:\/\/terracaps.de\/","sameAs":["https:\/\/www.linkedin.com\/company\/terracaps-gmbh\/"],"logo":{"@type":"ImageObject","inLanguage":"de","@id":"https:\/\/terracaps.de\/#\/schema\/logo\/image\/","url":"https:\/\/terracaps.de\/wp-content\/uploads\/logo_terracaps@2x.png","contentUrl":"https:\/\/terracaps.de\/wp-content\/uploads\/logo_terracaps@2x.png","width":440,"height":168,"caption":"Terracaps"},"image":{"@id":"https:\/\/terracaps.de\/#\/schema\/logo\/image\/"}}]}},"_links":{"self":[{"href":"https:\/\/terracaps.de\/de\/wp-json\/wp\/v2\/pages\/736"}],"collection":[{"href":"https:\/\/terracaps.de\/de\/wp-json\/wp\/v2\/pages"}],"about":[{"href":"https:\/\/terracaps.de\/de\/wp-json\/wp\/v2\/types\/page"}],"author":[{"embeddable":true,"href":"https:\/\/terracaps.de\/de\/wp-json\/wp\/v2\/users\/1"}],"replies":[{"embeddable":true,"href":"https:\/\/terracaps.de\/de\/wp-json\/wp\/v2\/comments?post=736"}],"version-history":[{"count":7,"href":"https:\/\/terracaps.de\/de\/wp-json\/wp\/v2\/pages\/736\/revisions"}],"predecessor-version":[{"id":968,"href":"https:\/\/terracaps.de\/de\/wp-json\/wp\/v2\/pages\/736\/revisions\/968"}],"wp:attachment":[{"href":"https:\/\/terracaps.de\/de\/wp-json\/wp\/v2\/media?parent=736"}],"curies":[{"name":"wp","href":"https:\/\/api.w.org\/{rel}","templated":true}]}}