{"id":662,"date":"2021-02-16T16:15:14","date_gmt":"2021-02-16T15:15:14","guid":{"rendered":"https:\/\/terracaps.de\/imprint\/"},"modified":"2023-07-10T11:55:29","modified_gmt":"2023-07-10T09:55:29","slug":"impressum","status":"publish","type":"page","link":"https:\/\/terracaps.de\/de\/impressum\/","title":{"rendered":"Impressum"},"content":{"rendered":"<div class=\"fusion-fullwidth fullwidth-box fusion-builder-row-1 fusion-flex-container fusion-parallax-fixed nonhundred-percent-fullwidth non-hundred-percent-height-scrolling lazyload\" style=\"background-color: rgba(255,255,255,0);background-position: right bottom;background-repeat: no-repeat;border-width: 0px 0px 0px 0px;border-color:#e2e2e2;border-style:solid;-webkit-background-size:cover;-moz-background-size:cover;-o-background-size:cover;background-size:cover;background-attachment:fixed;\" data-bg=\"https:\/\/terracaps.de\/wp-content\/uploads\/bg_14.jpg\" ><div class=\"fusion-builder-row fusion-row fusion-flex-align-items-flex-start fusion-flex-justify-content-center\" style=\"max-width:1248px;margin-left: calc(-4% \/ 2 );margin-right: calc(-4% \/ 2 );\"><div class=\"fusion-layout-column fusion_builder_column fusion-builder-column-0 fusion_builder_column_3_4 3_4 fusion-flex-column\"><div class=\"fusion-column-wrapper fusion-flex-justify-content-center fusion-content-layout-column\" style=\"background-position:left top;background-repeat:no-repeat;-webkit-background-size:cover;-moz-background-size:cover;-o-background-size:cover;background-size:cover;padding: 0px 0px 0px 0px;\"><style type=\"text\/css\"><\/style><div class=\"fusion-title title fusion-title-1 fusion-sep-none fusion-title-text fusion-title-size-two fusion-title-default-margin\" style=\" margin-top:0px; margin-bottom:0px\"><h2 class=\"title-heading-left\">Impressum<\/h2><\/div><style type=\"text\/css\"><\/style><div class=\"fusion-title title fusion-title-2 fusion-sep-none fusion-title-text fusion-title-size-one fusion-title-default-margin\" style=\" margin-top:0px; margin-bottom:0px\"><h1 class=\"title-heading-left\">Angaben gem\u00e4\u00df \u00a7 5 TMG:<\/h1><\/div><div class=\"fusion-separator fusion-full-width-sep\" style=\"align-self: center;margin-left: auto;margin-right: auto;margin-top:50px;width:100%;\"><\/div><div class=\"fusion-text fusion-text-1\" style=\"transform:translate3d(0,0,0);\"><p><b>SP Packaging GmbH\u00ae<br \/>\n<\/b>Zugspitzstr. 15<br \/>\n82049 Pullach i. Isartal<\/p>\n<p><b>Vertreten durch:<br \/>\n<\/b>Ajdin Donlagic<\/p>\n<p><b>Kontakt:<\/b><br \/>\nTelefon: +49 89 55277-400<br \/>\nEm-Mail: <a href=\"mailto:info@terracaps.bio\">info@terracaps.<\/a>de<\/p>\n<p><b>Registereintrag:<br \/>\n<\/b>Eintragung im Handelsregister.<br \/>\nRegistergericht: M\u00fcnchen<br \/>\nRegisternummer: HRB237623<\/p>\n<p><b>Umsatzsteuer:<br \/>\n<\/b>Umsatzsteuer-Identifikationsnummer gem\u00e4\u00df \u00a727 a Umsatzsteuergesetz:<br \/>\nDE303283785<\/p>\n<h2 class=\"\" style=\"--fontsize: 26; line-height: 1.2; --minfontsize: 26;\" data-fontsize=\"26\" data-lineheight=\"31.2px\">Haftung f\u00fcr Inhalte und externe Links<\/h2>\n<p>Als Diensteanbieter ist die SP Packaging GmbH\u00ae f\u00fcr eigene Inhalte auf diesen Seiten nach den gesetzlichen und rechtlichen Vorgaben verantwortlich.<\/p>\n<p>Der Begriff \u201ebio\u201c bezieht sich hier ausschlie\u00dflich auf das deutsche Recht und erf\u00fcllt dessen Bedingungen. Der Begriff ist nicht im Sinne eines anderen Rechts gemeint oder auszulegen.<\/p>\n<p><span style=\"background-color: rgba(255, 255, 255, 0); color: var(--body_typography-color); font-family: var(--body_typography-font-family); font-size: var(--body_typography-font-size); font-style: var(--body_typography-font-style,normal); font-weight: var(--body_typography-font-weight); letter-spacing: var(--body_typography-letter-spacing);\">Der Begriff \u201ebiologisch abbaubar\u201c bezieht sich ausschlie\u00dflich auf die europ\u00e4ische Norm DIN EN ISO 14855 in ihrer aktuellen Fassung. Er h\u00e4lt deren Voraussetzungen ein. Nach dieser Norm wird die vollst\u00e4ndige aerobe Bioabbaubarkeit von Kunststoff-Materialien unter den Bedingungen kontrollierter Kompostierung bestimmt. Der Begriff ist nicht im Sinne eines anderen Rechts gemeint oder auszulegen.<\/span><\/p>\n<p>Sofern auf externe Verweisziele (Links) direkt oder indirekt verwiesen wird, hat die SP Packaging GmbH\u00ae auf deren Inhalt keinen Einfluss. Verantwortlich ist vielmehr der jeweilige Betreiber oder Anbieter. Zum Zeitpunkt der Verlinkung wurde der Inhalt auf m\u00f6gliche Rechtsverst\u00f6\u00dfe gepr\u00fcft. Zu einer dauerhaften \u00dcberpr\u00fcfung ist die SP Packaging GmbH\u00ae jedoch weder in der Lage noch verpflichtet. Bei entsprechenden Anhaltspunkten einer Rechtsverletzung wird die SP Packaging GmbH\u00ae jedoch umgehend t\u00e4tig werden und insbesondere die Verlinkung entfernen.<\/p>\n<h2 class=\"\" style=\"--fontsize: 26; line-height: 1.2; --minfontsize: 26;\" data-fontsize=\"26\" data-lineheight=\"31.2px\">Urheberrecht:<\/h2>\n<p>SP Packaging GmbH\u00ae ist bestrebt, in allen Publikationen das Urheberrecht der verwendeten fremden Grafiken und Texte zu beachten. Insbesondere werden fremde Inhalte als solche gekennzeichnet. Sollten sich auf den jeweiligen Seiten dennoch ungekennzeichnete, aber durch fremdes Copyright gesch\u00fctzte Grafiken oder Texte befinden, so konnte das Copyright von SP Packaging GmbH\u00ae nicht festgestellt werden. Im Falle einer solchen unbeabsichtigten Copyrightverletzung wird SP Packaging GmbH\u00ae das entsprechende Objekt nach Benachrichtigung aus seiner Publikation entfernen bzw. mit dem entsprechenden Copyright kenntlich machen. Das Copyright f\u00fcr von SP Packaging GmbH\u00ae selbst erstellte und ver\u00f6ffentlichte Objekte bleibt allein beim Urheber. Eine Vervielf\u00e4ltigung oder Verwendung solcher Grafiken und Texte, insbesondere in anderen elektronischen oder gedruckten Publikationen, ist ohne ausdr\u00fcckliche Zustimmung von SP Packaging GmbH\u00ae nicht gestattet.<\/p>\n<h2 class=\"\" style=\"--fontsize: 26; line-height: 1.2; --minfontsize: 26;\" data-fontsize=\"26\" data-lineheight=\"31.2px\">Rechtswirksamkeit dieses Haftungsausschlusses:<\/h2>\n<p>Dieser Haftungsausschluss ist als Teil des Internetangebotes zu betrachten, von dem aus auf diese Seite verwiesen wurde. Sofern Teile oder einzelne Formulierungen dieses Textes der geltenden Rechtslage nicht, nicht mehr oder nicht vollst\u00e4ndig entsprechen sollten, bleiben die \u00fcbrigen Teile in ihrem Inhalt und ihrer G\u00fcltigkeit davon unber\u00fchrt.<\/p>\n<\/div><\/div><\/div><style type=\"text\/css\">.fusion-body .fusion-builder-column-0{width:75% !important;margin-top : 0px;margin-bottom : 20px;}.fusion-builder-column-0 > .fusion-column-wrapper {padding-top : 0px !important;padding-right : 0px !important;margin-right : 2.56%;padding-bottom : 0px !important;padding-left : 0px !important;margin-left : 2.56%;}@media only screen and (max-width:1024px) {.fusion-body .fusion-builder-column-0{width:75% !important;order : 0;}.fusion-builder-column-0 > .fusion-column-wrapper {margin-right : 2.56%;margin-left : 2.56%;}}@media only screen and (max-width:640px) {.fusion-body .fusion-builder-column-0{width:100% !important;order : 0;}.fusion-builder-column-0 > .fusion-column-wrapper {margin-right : 1.92%;margin-left : 1.92%;}}<\/style><\/div><style type=\"text\/css\">.fusion-fullwidth.fusion-builder-row-1 a:not(.fusion-button):not(.fusion-builder-module-control):not(.fusion-social-network-icon):not(.fb-icon-element):not(.fusion-countdown-link):not(.fusion-rollover-link):not(.fusion-rollover-gallery):not(.fusion-button-bar):not(.add_to_cart_button):not(.show_details_button):not(.product_type_external):not(.fusion-view-cart):not(.fusion-quick-view):not(.fusion-rollover-title-link):not(.fusion-breadcrumb-link) , .fusion-fullwidth.fusion-builder-row-1 a:not(.fusion-button):not(.fusion-builder-module-control):not(.fusion-social-network-icon):not(.fb-icon-element):not(.fusion-countdown-link):not(.fusion-rollover-link):not(.fusion-rollover-gallery):not(.fusion-button-bar):not(.add_to_cart_button):not(.show_details_button):not(.product_type_external):not(.fusion-view-cart):not(.fusion-quick-view):not(.fusion-rollover-title-link):not(.fusion-breadcrumb-link):before, .fusion-fullwidth.fusion-builder-row-1 a:not(.fusion-button):not(.fusion-builder-module-control):not(.fusion-social-network-icon):not(.fb-icon-element):not(.fusion-countdown-link):not(.fusion-rollover-link):not(.fusion-rollover-gallery):not(.fusion-button-bar):not(.add_to_cart_button):not(.show_details_button):not(.product_type_external):not(.fusion-view-cart):not(.fusion-quick-view):not(.fusion-rollover-title-link):not(.fusion-breadcrumb-link):after {color: #ffffff;}.fusion-body .fusion-flex-container.fusion-builder-row-1{ padding-top : 250px;margin-top : 0px;padding-right : 0px;padding-bottom : 150px;margin-bottom : 0px;padding-left : 0px;}@media only screen and (max-width:640px) {.fusion-body .fusion-flex-container.fusion-builder-row-1{ padding-top : 80px;}}<\/style><\/div>\n","protected":false},"excerpt":{"rendered":"","protected":false},"author":1,"featured_media":0,"parent":0,"menu_order":0,"comment_status":"closed","ping_status":"closed","template":"100-width.php","meta":[],"yoast_head":"<!-- This site is optimized with the Yoast SEO plugin v19.5.1 - https:\/\/yoast.com\/wordpress\/plugins\/seo\/ -->\n<title>Impressum - Terracaps<\/title>\n<meta name=\"robots\" content=\"index, follow, max-snippet:-1, max-image-preview:large, max-video-preview:-1\" \/>\n<link rel=\"canonical\" href=\"https:\/\/terracaps.de\/de\/impressum\/\" \/>\n<meta property=\"og:locale\" content=\"de_DE\" \/>\n<meta property=\"og:type\" content=\"article\" \/>\n<meta property=\"og:title\" content=\"Impressum - Terracaps\" \/>\n<meta property=\"og:url\" content=\"https:\/\/terracaps.de\/de\/impressum\/\" \/>\n<meta property=\"og:site_name\" content=\"Terracaps\" \/>\n<meta property=\"article:modified_time\" content=\"2023-07-10T09:55:29+00:00\" \/>\n<meta property=\"og:image\" content=\"https:\/\/terracaps.de\/wp-content\/uploads\/logo_terracaps@2x.png\" \/>\n\t<meta property=\"og:image:width\" content=\"440\" \/>\n\t<meta property=\"og:image:height\" content=\"168\" \/>\n\t<meta property=\"og:image:type\" content=\"image\/png\" \/>\n<meta name=\"twitter:card\" content=\"summary_large_image\" \/>\n<meta name=\"twitter:label1\" content=\"Gesch\u00e4tzte Lesezeit\" \/>\n\t<meta name=\"twitter:data1\" content=\"13\u00a0Minuten\" \/>\n<script type=\"application\/ld+json\" class=\"yoast-schema-graph\">{\"@context\":\"https:\/\/schema.org\",\"@graph\":[{\"@type\":\"WebPage\",\"@id\":\"https:\/\/terracaps.de\/de\/impressum\/\",\"url\":\"https:\/\/terracaps.de\/de\/impressum\/\",\"name\":\"Impressum - Terracaps\",\"isPartOf\":{\"@id\":\"https:\/\/terracaps.de\/#website\"},\"datePublished\":\"2021-02-16T15:15:14+00:00\",\"dateModified\":\"2023-07-10T09:55:29+00:00\",\"breadcrumb\":{\"@id\":\"https:\/\/terracaps.de\/de\/impressum\/#breadcrumb\"},\"inLanguage\":\"de\",\"potentialAction\":[{\"@type\":\"ReadAction\",\"target\":[\"https:\/\/terracaps.de\/de\/impressum\/\"]}]},{\"@type\":\"BreadcrumbList\",\"@id\":\"https:\/\/terracaps.de\/de\/impressum\/#breadcrumb\",\"itemListElement\":[{\"@type\":\"ListItem\",\"position\":1,\"name\":\"Startseite\",\"item\":\"https:\/\/terracaps.de\/de\/\"},{\"@type\":\"ListItem\",\"position\":2,\"name\":\"Impressum\"}]},{\"@type\":\"WebSite\",\"@id\":\"https:\/\/terracaps.de\/#website\",\"url\":\"https:\/\/terracaps.de\/\",\"name\":\"Terracaps\",\"description\":\"Terracaps is a pioneering and leading manufacturer of biodegradable, compostable, CO2-neutral and oxygen-tight coffee capsules\",\"publisher\":{\"@id\":\"https:\/\/terracaps.de\/#organization\"},\"potentialAction\":[{\"@type\":\"SearchAction\",\"target\":{\"@type\":\"EntryPoint\",\"urlTemplate\":\"https:\/\/terracaps.de\/?s={search_term_string}\"},\"query-input\":\"required name=search_term_string\"}],\"inLanguage\":\"de\"},{\"@type\":\"Organization\",\"@id\":\"https:\/\/terracaps.de\/#organization\",\"name\":\"Terracaps\",\"url\":\"https:\/\/terracaps.de\/\",\"sameAs\":[\"https:\/\/www.linkedin.com\/company\/terracaps-gmbh\/\"],\"logo\":{\"@type\":\"ImageObject\",\"inLanguage\":\"de\",\"@id\":\"https:\/\/terracaps.de\/#\/schema\/logo\/image\/\",\"url\":\"https:\/\/terracaps.de\/wp-content\/uploads\/logo_terracaps@2x.png\",\"contentUrl\":\"https:\/\/terracaps.de\/wp-content\/uploads\/logo_terracaps@2x.png\",\"width\":440,\"height\":168,\"caption\":\"Terracaps\"},\"image\":{\"@id\":\"https:\/\/terracaps.de\/#\/schema\/logo\/image\/\"}}]}<\/script>\n<!-- \/ Yoast SEO plugin. -->","yoast_head_json":{"title":"Impressum - Terracaps","robots":{"index":"index","follow":"follow","max-snippet":"max-snippet:-1","max-image-preview":"max-image-preview:large","max-video-preview":"max-video-preview:-1"},"canonical":"https:\/\/terracaps.de\/de\/impressum\/","og_locale":"de_DE","og_type":"article","og_title":"Impressum - Terracaps","og_url":"https:\/\/terracaps.de\/de\/impressum\/","og_site_name":"Terracaps","article_modified_time":"2023-07-10T09:55:29+00:00","og_image":[{"width":440,"height":168,"url":"https:\/\/terracaps.de\/wp-content\/uploads\/logo_terracaps@2x.png","type":"image\/png"}],"twitter_card":"summary_large_image","twitter_misc":{"Gesch\u00e4tzte Lesezeit":"13\u00a0Minuten"},"schema":{"@context":"https:\/\/schema.org","@graph":[{"@type":"WebPage","@id":"https:\/\/terracaps.de\/de\/impressum\/","url":"https:\/\/terracaps.de\/de\/impressum\/","name":"Impressum - Terracaps","isPartOf":{"@id":"https:\/\/terracaps.de\/#website"},"datePublished":"2021-02-16T15:15:14+00:00","dateModified":"2023-07-10T09:55:29+00:00","breadcrumb":{"@id":"https:\/\/terracaps.de\/de\/impressum\/#breadcrumb"},"inLanguage":"de","potentialAction":[{"@type":"ReadAction","target":["https:\/\/terracaps.de\/de\/impressum\/"]}]},{"@type":"BreadcrumbList","@id":"https:\/\/terracaps.de\/de\/impressum\/#breadcrumb","itemListElement":[{"@type":"ListItem","position":1,"name":"Startseite","item":"https:\/\/terracaps.de\/de\/"},{"@type":"ListItem","position":2,"name":"Impressum"}]},{"@type":"WebSite","@id":"https:\/\/terracaps.de\/#website","url":"https:\/\/terracaps.de\/","name":"Terracaps","description":"Terracaps is a pioneering and leading manufacturer of biodegradable, compostable, CO2-neutral and oxygen-tight coffee capsules","publisher":{"@id":"https:\/\/terracaps.de\/#organization"},"potentialAction":[{"@type":"SearchAction","target":{"@type":"EntryPoint","urlTemplate":"https:\/\/terracaps.de\/?s={search_term_string}"},"query-input":"required name=search_term_string"}],"inLanguage":"de"},{"@type":"Organization","@id":"https:\/\/terracaps.de\/#organization","name":"Terracaps","url":"https:\/\/terracaps.de\/","sameAs":["https:\/\/www.linkedin.com\/company\/terracaps-gmbh\/"],"logo":{"@type":"ImageObject","inLanguage":"de","@id":"https:\/\/terracaps.de\/#\/schema\/logo\/image\/","url":"https:\/\/terracaps.de\/wp-content\/uploads\/logo_terracaps@2x.png","contentUrl":"https:\/\/terracaps.de\/wp-content\/uploads\/logo_terracaps@2x.png","width":440,"height":168,"caption":"Terracaps"},"image":{"@id":"https:\/\/terracaps.de\/#\/schema\/logo\/image\/"}}]}},"_links":{"self":[{"href":"https:\/\/terracaps.de\/de\/wp-json\/wp\/v2\/pages\/662"}],"collection":[{"href":"https:\/\/terracaps.de\/de\/wp-json\/wp\/v2\/pages"}],"about":[{"href":"https:\/\/terracaps.de\/de\/wp-json\/wp\/v2\/types\/page"}],"author":[{"embeddable":true,"href":"https:\/\/terracaps.de\/de\/wp-json\/wp\/v2\/users\/1"}],"replies":[{"embeddable":true,"href":"https:\/\/terracaps.de\/de\/wp-json\/wp\/v2\/comments?post=662"}],"version-history":[{"count":7,"href":"https:\/\/terracaps.de\/de\/wp-json\/wp\/v2\/pages\/662\/revisions"}],"predecessor-version":[{"id":1027,"href":"https:\/\/terracaps.de\/de\/wp-json\/wp\/v2\/pages\/662\/revisions\/1027"}],"wp:attachment":[{"href":"https:\/\/terracaps.de\/de\/wp-json\/wp\/v2\/media?parent=662"}],"curies":[{"name":"wp","href":"https:\/\/api.w.org\/{rel}","templated":true}]}}